{"id":66,"date":"2019-10-29T23:42:05","date_gmt":"2019-10-30T02:42:05","guid":{"rendered":"http:\/\/frodo.cnpdia.embrapa.br\/wordpress\/?page_id=66"},"modified":"2022-07-01T15:46:31","modified_gmt":"2022-07-01T18:46:31","slug":"curso-2021","status":"publish","type":"page","link":"https:\/\/poscolheita.cnpdia.embrapa.br\/index.php\/curso-2021\/","title":{"rendered":"Curso 2021"},"content":{"rendered":"\t\t<div data-elementor-type=\"wp-page\" data-elementor-id=\"66\" class=\"elementor elementor-66\">\n\t\t\t\t\t\t<section class=\"elementor-section elementor-top-section elementor-element elementor-element-35afde0 elementor-section-boxed elementor-section-height-default elementor-section-height-default\" data-id=\"35afde0\" data-element_type=\"section\">\n\t\t\t\t\t\t<div class=\"elementor-container elementor-column-gap-default\">\n\t\t\t\t\t<div class=\"aux-parallax-section elementor-column elementor-col-100 elementor-top-column elementor-element elementor-element-e6dc977\" data-id=\"e6dc977\" data-element_type=\"column\">\n\t\t\t<div class=\"elementor-widget-wrap elementor-element-populated\">\n\t\t\t\t\t\t<div class=\"elementor-element elementor-element-933d08a elementor-widget elementor-widget-heading\" data-id=\"933d08a\" data-element_type=\"widget\" data-widget_type=\"heading.default\">\n\t\t\t\t<div class=\"elementor-widget-container\">\n\t\t\t<h3 class=\"elementor-heading-title elementor-size-default\"><a href=\"https:\/\/www.embrapa.br\/e-campo\/tecnologia-pos-colheita-em-frutas-e-hortalicas\" target=\"_blank\">A VII edi\u00e7\u00e3o do Curso de P\u00f3s-colheita \u00e9 virtual e gratuita<br> Fa\u00e7a a sua inscri\u00e7\u00e3o!<\/a><\/h3>\t\t<\/div>\n\t\t\t\t<\/div>\n\t\t\t\t<div class=\"elementor-element elementor-element-fc4c885 elementor-widget elementor-widget-text-editor\" data-id=\"fc4c885\" data-element_type=\"widget\" data-widget_type=\"text-editor.default\">\n\t\t\t\t<div class=\"elementor-widget-container\">\n\t\t\t\t\t\t\t<p><a href=\"https:\/\/www.embrapa.br\/e-campo\/tecnologia-pos-colheita-em-frutas-e-hortalicas\">https:\/\/www.embrapa.br\/e-campo\/tecnologia-pos-colheita-em-frutas-e-hortalicas<\/a><\/p>\t\t\t\t\t\t<\/div>\n\t\t\t\t<\/div>\n\t\t\t\t\t<\/div>\n\t\t<\/div>\n\t\t\t\t\t<\/div>\n\t\t<\/section>\n\t\t\t\t<section class=\"elementor-section elementor-top-section elementor-element elementor-element-1b0d3ef elementor-section-boxed elementor-section-height-default elementor-section-height-default\" data-id=\"1b0d3ef\" data-element_type=\"section\">\n\t\t\t\t\t\t<div class=\"elementor-container elementor-column-gap-default\">\n\t\t\t\t\t<div class=\"aux-parallax-section elementor-column elementor-col-100 elementor-top-column elementor-element elementor-element-4670c94\" data-id=\"4670c94\" data-element_type=\"column\">\n\t\t\t<div class=\"elementor-widget-wrap elementor-element-populated\">\n\t\t\t\t\t\t<div class=\"elementor-element elementor-element-cc83192 elementor-widget elementor-widget-text-editor\" data-id=\"cc83192\" data-element_type=\"widget\" data-widget_type=\"text-editor.default\">\n\t\t\t\t<div class=\"elementor-widget-container\">\n\t\t\t\t\t\t\t<h4 style=\"letter-spacing: normal; text-align: left;\"><span style=\"color: #800000;\">A<\/span><strong><span style=\"color: #800000;\"> EDI\u00c7\u00c3O VIRTUAL<\/span><\/strong><\/h4><p>O Curso de Tecnologia P\u00f3s-Colheita em Frutas e Hortali\u00e7as, criado em 2011 pela Embrapa Instrumenta\u00e7\u00e3o, agora est\u00e1 ao alcance de suas m\u00e3os, <strong>em formato on-line e totalmente gratuito!<\/strong><\/p><p>O conte\u00fado \u00e9 din\u00e2mico, com v\u00eddeos, podcasts, e outros recursos did\u00e1ticos, e pode ser acessado via celular, tablet ou computador. Al\u00e9m disso, h\u00e1 conte\u00fados salvos em PDF para leitura posterior ou impress\u00e3o.<\/p><p>Em 6 m\u00f3dulos, voc\u00ea tem acesso a informa\u00e7\u00f5es sobre importantes temas das cadeias de frutas e hortali\u00e7as: Rastreabilidade; Colheita; Beneficiamento; Nanotecnologia na p\u00f3s-colheita; An\u00e1lise n\u00e3o destrutiva da qualidade e Produtos Minimamente Processados (PMPs).<\/p><p>Os m\u00f3dulos podem ser feitos separadamente e a ordem apresentada \u00e9 apenas uma sugest\u00e3o. Voc\u00ea ter\u00e1 um tempo para cumprir cada m\u00f3dulo, de acordo com o conte\u00fado; cada m\u00f3dulo d\u00e1 direito a um certificado, al\u00e9m da comprova\u00e7\u00e3o final para quem concluir o curso todo.<\/p><p><strong>E tem mais!<\/strong> <br \/>Assista ao webinar de lan\u00e7amento, realizado em novembro de 2021, com todos os detalhes da 7\u00aa edi\u00e7\u00e3o: <a href=\"https:\/\/www.youtube.com\/watch?v=HGfBAO-GTBw&amp;t=4s\">https:\/\/www.youtube.com\/watch?v=HGfBAO-GTBw&amp;t=4s<\/a><\/p><p>Ficou com alguma d\u00favida? Escreve para cnpdia.poscolheita@embrapa.br<\/p><p>\u00a0<\/p><p style=\"font-family: Raleway, sans-serif; font-size: 16.0016px; font-weight: 400;\"><span style=\"font-size: 16.0016px; color: var( --e-global-color-text );\">\u00a0<\/span><\/p><h4 style=\"text-align: left;\"><span style=\"color: #800000;\"><strong>PERGUNTAS FREQUENTES \u2013 FAQ<\/strong><\/span><\/h4><p style=\"text-align: left;\"><strong>1) Quando \u00e9 a 7\u00aa edi\u00e7\u00e3o do Curso de Tecnologia P\u00f3s-Colheita em Frutas e Hortali\u00e7as?<\/strong><br \/>A 7\u00aa edi\u00e7\u00e3o foi lan\u00e7ada em novembro de 2021, em formato virtual.\u00a0<\/p><p style=\"text-align: left;\"><strong>2) Como \u00e9 o formato virtual do curso?<\/strong><\/p><p style=\"text-align: left;\"><span style=\"text-align: center; color: var( --e-global-color-text ); font-family: var( --e-global-typography-text-font-family ), Sans-serif;\">Em fun\u00e7\u00e3o da pandemia da COVID-19, todo o conte\u00fado das edi\u00e7\u00f5es anteriores, que foram presenciais, foi detalhadamente adaptado para o formato virtual, com o apoio de profissionais especializados, que trouxeram novos recursos para o aprendizado dos participantes, que podem acessar o curso de qualquer local do Brasil e do mundo.\u00a0<\/span><span style=\"text-align: center; color: var( --e-global-color-text ); font-family: var( --e-global-typography-text-font-family ), Sans-serif;\">O participante acessa os conte\u00fados durante um determinado per\u00edodo, conforme seu ritmo de aprendizagem. <\/span><span style=\"text-align: center; color: var( --e-global-color-text ); font-family: var( --e-global-typography-text-font-family ), Sans-serif;\">Adicionalmente, foi realizado e disponibilizado o Webinar de abertura do Curso de Tecnologia P\u00f3s-Colheita em Frutas e Hortali\u00e7as, que oferece detalhes sobre a edi\u00e7\u00e3o (link acima).\u00a0<\/span><span style=\"text-align: center; font-size: 16.0016px;\">Toda atividade ser\u00e1 conduzida no Ambiente Virtual de Aprendizagem da Embrapa, onde ficar\u00e3o dispon\u00edveis todos os conte\u00fados do curso.<\/span><\/p><p style=\"text-align: left;\"><strong style=\"color: var( --e-global-color-text ); font-family: var( --e-global-typography-text-font-family ), Sans-serif;\">3) Como \u00e9 a oferta e qual o valor da inscri\u00e7\u00e3o?<\/strong><\/p><p style=\"text-align: left;\">O curso est\u00e1 dispon\u00edvel de forma permanente na E-campo, a vitrine de capacita\u00e7\u00f5es on-line da Embrapa, que pode ser acessada pelo link: <a href=\"https:\/\/www.embrapa.br\/e-campo\">https:\/\/www.embrapa.br\/e-campo\/tecnologia-pos-colheita-em-frutas-e-hortalicas<\/a>. Por contar com o suporte de recursos oriundos de uma emenda parlamentar, o curso \u00e9 gratuito.<\/p><p style=\"text-align: left;\"><strong style=\"color: var( --e-global-color-text ); font-family: var( --e-global-typography-text-font-family ), Sans-serif; font-size: 16.0016px;\">4) Qual \u00e9 o conte\u00fado do curso?<\/strong><\/p><p style=\"text-align: left;\">S\u00e3o 6 m\u00f3dulos independentes, relacionados a p\u00f3s-colheita de frutas e hortali\u00e7as, nas tem\u00e1ticas de Rastreabilidade; Colheita; Beneficiamento; Nanotecnologia; An\u00e1lise N\u00e3o Destrutiva de Qualidade de Frutas e Hortali\u00e7as e Produtos Minimamente Processados (PMPs). Esses s\u00e3o m\u00f3dulos ass\u00edncronos, ou seja, o participante tem um determinado per\u00edodo para complet\u00e1-los. Adicionalmente, o s\u00e9timo m\u00f3dulo foi realizado em formato s\u00edncrono, por meio de Webinar com a abertura da VII Edi\u00e7\u00e3o do Curso P\u00f3s-Colheita, que completou 10 anos de realiza\u00e7\u00e3o! Para esta edi\u00e7\u00e3o, foram mobilizados cerca de 40 instrutores da Embrapa, institui\u00e7\u00f5es e empresas parceiras.<\/p><p style=\"text-align: left;\"><strong>5) \u00c9 poss\u00edvel escolher alguns m\u00f3dulos ou tenho que fazer todos?<\/strong><br \/>Sim, o participante pode escolher o (s) m\u00f3dulo (s) do seu interesse, na sequ\u00eancia que desejar. Cada m\u00f3dulo dar\u00e1 direito a um certificado, mediante o cumprimento de determinadas condi\u00e7\u00f5es. O participante poder\u00e1 tamb\u00e9m receber o certificado completo do curso, mas para isso dever\u00e1 concluir todos os m\u00f3dulos.<\/p><p style=\"text-align: left;\"><strong>6) O curso poder\u00e1 ser feito somente por computador ou pode ser acessado pelo celular tamb\u00e9m?<\/strong><br \/>O curso tem formato adaptado, tanto para quem tem computador, quanto para quem utiliza o celular ou mesmo tablet.<\/p>\t\t\t\t\t\t<\/div>\n\t\t\t\t<\/div>\n\t\t\t\t\t<\/div>\n\t\t<\/div>\n\t\t\t\t\t<\/div>\n\t\t<\/section>\n\t\t\t\t<section class=\"elementor-section elementor-top-section elementor-element elementor-element-5ca92e5 elementor-section-boxed elementor-section-height-default elementor-section-height-default\" data-id=\"5ca92e5\" data-element_type=\"section\">\n\t\t\t\t\t\t<div class=\"elementor-container elementor-column-gap-default\">\n\t\t\t\t\t<div class=\"aux-parallax-section elementor-column elementor-col-100 elementor-top-column elementor-element elementor-element-23f636d\" data-id=\"23f636d\" data-element_type=\"column\">\n\t\t\t<div class=\"elementor-widget-wrap elementor-element-populated\">\n\t\t\t\t\t\t<div class=\"elementor-element elementor-element-7fa0400 elementor-widget elementor-widget-spacer\" data-id=\"7fa0400\" data-element_type=\"widget\" data-widget_type=\"spacer.default\">\n\t\t\t\t<div class=\"elementor-widget-container\">\n\t\t\t\t\t<div class=\"elementor-spacer\">\n\t\t\t<div class=\"elementor-spacer-inner\"><\/div>\n\t\t<\/div>\n\t\t\t\t<\/div>\n\t\t\t\t<\/div>\n\t\t\t\t\t<\/div>\n\t\t<\/div>\n\t\t\t\t\t<\/div>\n\t\t<\/section>\n\t\t\t\t<\/div>\n\t\t","protected":false},"excerpt":{"rendered":"<p>A VII edi\u00e7\u00e3o do Curso de P\u00f3s-colheita \u00e9 virtual e gratuita Fa\u00e7a a sua inscri\u00e7\u00e3o! https:\/\/www.embrapa.br\/e-campo\/tecnologia-pos-colheita-em-frutas-e-hortalicas A EDI\u00c7\u00c3O VIRTUAL O Curso de Tecnologia P\u00f3s-Colheita em Frutas e Hortali\u00e7as, criado em 2011 pela Embrapa Instrumenta\u00e7\u00e3o, agora est\u00e1 ao alcance de suas m\u00e3os, em formato on-line e totalmente gratuito! O conte\u00fado \u00e9 din\u00e2mico, com v\u00eddeos, podcasts, e [&hellip;]<\/p>\n","protected":false},"author":2,"featured_media":0,"parent":0,"menu_order":0,"comment_status":"closed","ping_status":"closed","template":"","meta":{"footnotes":""},"class_list":["post-66","page","type-page","status-publish","hentry"],"_links":{"self":[{"href":"https:\/\/poscolheita.cnpdia.embrapa.br\/index.php\/wp-json\/wp\/v2\/pages\/66","targetHints":{"allow":["GET"]}}],"collection":[{"href":"https:\/\/poscolheita.cnpdia.embrapa.br\/index.php\/wp-json\/wp\/v2\/pages"}],"about":[{"href":"https:\/\/poscolheita.cnpdia.embrapa.br\/index.php\/wp-json\/wp\/v2\/types\/page"}],"author":[{"embeddable":true,"href":"https:\/\/poscolheita.cnpdia.embrapa.br\/index.php\/wp-json\/wp\/v2\/users\/2"}],"replies":[{"embeddable":true,"href":"https:\/\/poscolheita.cnpdia.embrapa.br\/index.php\/wp-json\/wp\/v2\/comments?post=66"}],"version-history":[{"count":105,"href":"https:\/\/poscolheita.cnpdia.embrapa.br\/index.php\/wp-json\/wp\/v2\/pages\/66\/revisions"}],"predecessor-version":[{"id":2797,"href":"https:\/\/poscolheita.cnpdia.embrapa.br\/index.php\/wp-json\/wp\/v2\/pages\/66\/revisions\/2797"}],"wp:attachment":[{"href":"https:\/\/poscolheita.cnpdia.embrapa.br\/index.php\/wp-json\/wp\/v2\/media?parent=66"}],"curies":[{"name":"wp","href":"https:\/\/api.w.org\/{rel}","templated":true}]}}