{"id":652,"date":"2019-11-01T09:19:36","date_gmt":"2019-11-01T12:19:36","guid":{"rendered":"http:\/\/frodo.cnpdia.embrapa.br\/wordpress\/?page_id=652"},"modified":"2022-07-01T15:55:40","modified_gmt":"2022-07-01T18:55:40","slug":"analises-nao-destrutivas","status":"publish","type":"page","link":"https:\/\/poscolheita.cnpdia.embrapa.br\/index.php\/analises-nao-destrutivas\/","title":{"rendered":"An\u00e1lises n\u00e3o destrutivas"},"content":{"rendered":"\t\t<div data-elementor-type=\"wp-page\" data-elementor-id=\"652\" class=\"elementor elementor-652\">\n\t\t\t\t\t\t<section class=\"elementor-section elementor-top-section elementor-element elementor-element-b345e1a elementor-section-boxed elementor-section-height-default elementor-section-height-default\" data-id=\"b345e1a\" data-element_type=\"section\">\n\t\t\t\t\t\t<div class=\"elementor-container elementor-column-gap-default\">\n\t\t\t\t\t<div class=\"aux-parallax-section elementor-column elementor-col-100 elementor-top-column elementor-element elementor-element-29a41b8\" data-id=\"29a41b8\" data-element_type=\"column\">\n\t\t\t<div class=\"elementor-widget-wrap elementor-element-populated\">\n\t\t\t\t\t\t<section class=\"elementor-section elementor-inner-section elementor-element elementor-element-fb8dfec elementor-section-boxed elementor-section-height-default elementor-section-height-default\" data-id=\"fb8dfec\" data-element_type=\"section\">\n\t\t\t\t\t\t<div class=\"elementor-container elementor-column-gap-default\">\n\t\t\t\t\t<div class=\"aux-parallax-section elementor-column elementor-col-100 elementor-inner-column elementor-element elementor-element-544aaf0\" data-id=\"544aaf0\" data-element_type=\"column\">\n\t\t\t<div class=\"elementor-widget-wrap elementor-element-populated\">\n\t\t\t\t\t\t<div class=\"elementor-element elementor-element-2ddbf70 elementor-widget elementor-widget-heading\" data-id=\"2ddbf70\" data-element_type=\"widget\" data-widget_type=\"heading.default\">\n\t\t\t\t<div class=\"elementor-widget-container\">\n\t\t\t<h3 class=\"elementor-heading-title elementor-size-default\">An\u00e1lises n\u00e3o destrutivas<\/h3>\t\t<\/div>\n\t\t\t\t<\/div>\n\t\t\t\t<div class=\"elementor-element elementor-element-274f3ab elementor-widget elementor-widget-text-editor\" data-id=\"274f3ab\" data-element_type=\"widget\" data-widget_type=\"text-editor.default\">\n\t\t\t\t<div class=\"elementor-widget-container\">\n\t\t\t\t\t\t\t<p>Frutas e hortali\u00e7as s\u00e3o apreciadas n\u00e3o somente pelo aspecto visual, mas especialmente pelas caracter\u00edsticas internas de qualidade, que podem ser analisadas somente quando ocorre a destrui\u00e7\u00e3o da amostra para an\u00e1lise.\u00a0 Isto ocorre tanto para mercado fresco, quando na ind\u00fastria.\u00a0 Esse tipo de an\u00e1lise em geral demanda tempo, amostragens repetitivas, etc.\u00a0 As an\u00e1lises n\u00e3o destrutivas tem como objetivo avaliar os frutos sem destru\u00ed-los.\u00a0 Ainda existem grandes desafios para que isto ocorra como rotina em fazendas e ind\u00fastria.\u00a0 A Embrapa Instrumenta\u00e7\u00e3o tem trabalhado com duas tecnologias com este objetivo.\u00a0 A espectroscopia de infravermelho m\u00e9dio e pr\u00f3ximo e tamb\u00e9m com Resson\u00e2ncia Magn\u00e9tica Nuclear &#8211; RMN.\u00a0 A espectroscopia de infravermelho na regi\u00e3o do pr\u00f3ximo (NIR, do ingl\u00eas, near infrared) e m\u00e9dio (MIR, do ingl\u00eas mid infrared) t\u00eam sido muito utilizadas na \u00e1rea de alimentos.\u00a0 No caso de frutos, a espectroscopia do infravermelho pr\u00f3ximo \u2013 NIR tem sido utilizada em v\u00e1rios pa\u00edses at\u00e9 com equipamentos port\u00e1veis para avalia\u00e7\u00e3o da qualidade interna de par\u00e2metros como S\u00f3lidos Sol\u00faveis.<\/p><div><p>A Embrapa Instrumenta\u00e7\u00e3o tem se dedicado a pesquisas com Resson\u00e2ncia Magn\u00e9tica Nuclear h\u00e1 v\u00e1rias d\u00e9cadas.<\/p><\/div><div>Para saber sobre os princ\u00edpios da t\u00e9cnica de Resson\u00e2ncia Magn\u00e9tica <a href=\"https:\/\/poscolheita.cnpdia.embrapa.br\/ressonancia\" target=\"_blank\" rel=\"noopener\">clique aqui<\/a>.<\/div><div><div>Para maiores informa\u00e7\u00f5es sobre estas t\u00e9cnicas \u2013 acessar neste site os livros \u2013 em download gratuito \u2013 Instrumenta\u00e7\u00e3o P\u00f3s-Colheita em Frutas e Hortali\u00e7as (2017) e Tecnologias P\u00f3s-Colheita em Frutas e Hortali\u00e7as (2011).\u00a0<\/div><div>\u00a0<\/div><div>A seguir mais informa\u00e7\u00f5es sobre as tecnologias em espectroscopia e Resson\u00e2ncia Magn\u00e9tica Nuclear aplicadas a frutas e hortali\u00e7as.\u00a0<\/div><\/div><div><p style=\"margin-bottom: 0cm; line-height: 100%;\">\u00a0<\/p><\/div>\t\t\t\t\t\t<\/div>\n\t\t\t\t<\/div>\n\t\t\t\t\t<\/div>\n\t\t<\/div>\n\t\t\t\t\t<\/div>\n\t\t<\/section>\n\t\t\t\t<div class=\"elementor-element elementor-element-e97f8b4 elementor-widget-divider--view-line elementor-widget elementor-widget-divider\" data-id=\"e97f8b4\" data-element_type=\"widget\" data-widget_type=\"divider.default\">\n\t\t\t\t<div class=\"elementor-widget-container\">\n\t\t\t\t\t<div class=\"elementor-divider\">\n\t\t\t<span class=\"elementor-divider-separator\">\n\t\t\t\t\t\t<\/span>\n\t\t<\/div>\n\t\t\t\t<\/div>\n\t\t\t\t<\/div>\n\t\t\t\t<section class=\"elementor-section elementor-inner-section elementor-element elementor-element-3f137e6 elementor-section-boxed elementor-section-height-default elementor-section-height-default\" data-id=\"3f137e6\" data-element_type=\"section\">\n\t\t\t\t\t\t<div class=\"elementor-container elementor-column-gap-default\">\n\t\t\t\t\t<div class=\"aux-parallax-section elementor-column elementor-col-50 elementor-inner-column elementor-element elementor-element-11b5500\" data-id=\"11b5500\" data-element_type=\"column\">\n\t\t\t<div class=\"elementor-widget-wrap elementor-element-populated\">\n\t\t\t\t\t\t<div class=\"elementor-element elementor-element-f88bece elementor-widget elementor-widget-heading\" data-id=\"f88bece\" data-element_type=\"widget\" data-widget_type=\"heading.default\">\n\t\t\t\t<div class=\"elementor-widget-container\">\n\t\t\t<h3 class=\"elementor-heading-title elementor-size-default\">Uso de RMN para an\u00e1lise da qualidade de alimentos<\/h3>\t\t<\/div>\n\t\t\t\t<\/div>\n\t\t\t\t<div class=\"elementor-element elementor-element-2365983 elementor-widget elementor-widget-image\" data-id=\"2365983\" data-element_type=\"widget\" data-widget_type=\"image.default\">\n\t\t\t\t<div class=\"elementor-widget-container\">\n\t\t\t\t\t\t\t\t\t\t\t\t\t<img decoding=\"async\" src=\"https:\/\/poscolheita.cnpdia.embrapa.br\/wp-content\/uploads\/elementor\/thumbs\/Ativo-3-1-ogl9u7je76pmldc1yy4z01i5qjl93podcvkzp0f5z4.png\" title=\"Ativo 3\" alt=\"Ativo 3\" loading=\"lazy\" \/>\t\t\t\t\t\t\t\t\t\t\t\t\t<\/div>\n\t\t\t\t<\/div>\n\t\t\t\t<div class=\"elementor-element elementor-element-828a713 elementor-widget elementor-widget-heading\" data-id=\"828a713\" data-element_type=\"widget\" data-widget_type=\"heading.default\">\n\t\t\t\t<div class=\"elementor-widget-container\">\n\t\t\t<h4 class=\"elementor-heading-title elementor-size-default\">Descri\u00e7\u00e3o<\/h4>\t\t<\/div>\n\t\t\t\t<\/div>\n\t\t\t\t<div class=\"elementor-element elementor-element-613bf0a elementor-widget elementor-widget-text-editor\" data-id=\"613bf0a\" data-element_type=\"widget\" data-widget_type=\"text-editor.default\">\n\t\t\t\t<div class=\"elementor-widget-container\">\n\t\t\t\t\t\t\t<p>A Resson\u00e2ncia Magn\u00e9tica Nuclear (RMN) \u00e9 uma t\u00e9cnica que explora as propriedades magn\u00e9ticas dos n\u00facleos at\u00f4micos das subst\u00e2ncias para investigar suas caracter\u00edsticas f\u00edsicas e qu\u00edmicas.<\/p><p>Pioneira no uso de RMN para avalia\u00e7\u00e3o de produtos agropecu\u00e1rios, a Embrapa Instrumenta\u00e7\u00e3o vem trabalhando h\u00e1 anos no desenvolvimento de instrumenta\u00e7\u00e3o e m\u00e9todos de RMN para esses produtos.<\/p><p>A parceria estabelecida com a empresa Fine Instruments Technology (FIT), detentora de expertise em equipamentos de RMN, viabilizou o desenvolvimento de metodologias para variadas aplica\u00e7\u00f5es em produtos agropecuarios.<\/p>\t\t\t\t\t\t<\/div>\n\t\t\t\t<\/div>\n\t\t\t\t\t<\/div>\n\t\t<\/div>\n\t\t\t\t<div class=\"aux-parallax-section elementor-column elementor-col-50 elementor-inner-column elementor-element elementor-element-aa35a6a\" data-id=\"aa35a6a\" data-element_type=\"column\">\n\t\t\t<div class=\"elementor-widget-wrap elementor-element-populated\">\n\t\t\t\t\t\t<div class=\"elementor-element elementor-element-027fb3b elementor-widget elementor-widget-heading\" data-id=\"027fb3b\" data-element_type=\"widget\" data-widget_type=\"heading.default\">\n\t\t\t\t<div class=\"elementor-widget-container\">\n\t\t\t<h4 class=\"elementor-heading-title elementor-size-default\">Pontos Fortes<\/h4>\t\t<\/div>\n\t\t\t\t<\/div>\n\t\t\t\t<div class=\"elementor-element elementor-element-a55af74 elementor-widget elementor-widget-text-editor\" data-id=\"a55af74\" data-element_type=\"widget\" data-widget_type=\"text-editor.default\">\n\t\t\t\t<div class=\"elementor-widget-container\">\n\t\t\t\t\t\t\t<ul><li>An\u00e1lise de amostras intactas;<\/li><li>N\u00e3o gera res\u00edduo contaminante;<\/li><li>Rapidez na aferi\u00e7\u00e3o das medi\u00e7\u00f5es;<\/li><li>Resultados de alta precis\u00e3o;<\/li><li>Equipamento de f\u00e1cil calibra\u00e7\u00e3o e m\u00ednima manuten\u00e7\u00e3o;<\/li><li>N\u00e3o necessita de m\u00e3o de obra especializada.<\/li><\/ul>\t\t\t\t\t\t<\/div>\n\t\t\t\t<\/div>\n\t\t\t\t<div class=\"elementor-element elementor-element-ea29f13 elementor-widget elementor-widget-heading\" data-id=\"ea29f13\" data-element_type=\"widget\" data-widget_type=\"heading.default\">\n\t\t\t\t<div class=\"elementor-widget-container\">\n\t\t\t<h4 class=\"elementor-heading-title elementor-size-default\">Aplica\u00e7\u00f5es<\/h4>\t\t<\/div>\n\t\t\t\t<\/div>\n\t\t\t\t<div class=\"elementor-element elementor-element-d714b65 elementor-widget elementor-widget-text-editor\" data-id=\"d714b65\" data-element_type=\"widget\" data-widget_type=\"text-editor.default\">\n\t\t\t\t<div class=\"elementor-widget-container\">\n\t\t\t\t\t\t\t<p>Como o m\u00e9todo de RMN depende de propriedades intr\u00ednsecas da amostra que ser\u00e1 analisada, como teor e qualidade de oleo, tamanho de semente, volume da amostra entre outras propriedades, ele tem que ser desenvolvido e certificado para cada tipo de material (produto) e equipamento.<\/p><p>Esta medi\u00e7\u00e3o pode ser utilizada para diferentes aplica\u00e7\u00f5es, como por exemplo, sele\u00e7\u00e3o de oleaginosa de alto teor de \u00f3leo, na otimiza\u00e7\u00e3o da produ\u00e7\u00e3o de \u00f3leo, levando a m\u00e1xima efici\u00eancia da agroind\u00fastria extratora.<\/p>\t\t\t\t\t\t<\/div>\n\t\t\t\t<\/div>\n\t\t\t\t<div class=\"elementor-element elementor-element-b703f49 elementor-widget elementor-widget-heading\" data-id=\"b703f49\" data-element_type=\"widget\" data-widget_type=\"heading.default\">\n\t\t\t\t<div class=\"elementor-widget-container\">\n\t\t\t<h4 class=\"elementor-heading-title elementor-size-default\">Est\u00e1gio de Desenvolvimento<\/h4>\t\t<\/div>\n\t\t\t\t<\/div>\n\t\t\t\t<div class=\"elementor-element elementor-element-1adda73 elementor-widget elementor-widget-image\" data-id=\"1adda73\" data-element_type=\"widget\" data-widget_type=\"image.default\">\n\t\t\t\t<div class=\"elementor-widget-container\">\n\t\t\t\t\t\t\t\t\t\t\t\t\t<img decoding=\"async\" width=\"453\" height=\"46\" src=\"https:\/\/poscolheita.cnpdia.embrapa.br\/wp-content\/uploads\/2019\/11\/specfit_rmn_analise_qualidade_alimentos-1.png\" class=\"attachment-large size-large wp-image-2028\" alt=\"\" \/>\t\t\t\t\t\t\t\t\t\t\t\t\t<\/div>\n\t\t\t\t<\/div>\n\t\t\t\t<div class=\"elementor-element elementor-element-222f688 elementor-widget elementor-widget-heading\" data-id=\"222f688\" data-element_type=\"widget\" data-widget_type=\"heading.default\">\n\t\t\t\t<div class=\"elementor-widget-container\">\n\t\t\t<h4 class=\"elementor-heading-title elementor-size-default\">Saiba Mais<\/h4>\t\t<\/div>\n\t\t\t\t<\/div>\n\t\t\t\t<div class=\"elementor-element elementor-element-59bec37 elementor-widget elementor-widget-text-editor\" data-id=\"59bec37\" data-element_type=\"widget\" data-widget_type=\"text-editor.default\">\n\t\t\t\t<div class=\"elementor-widget-container\">\n\t\t\t\t\t\t\t<a href=\"https:\/\/poscolheita.cnpdia.embrapa.br\/wp-content\/uploads\/2019\/11\/specfit_rmn_analise_qualidade_alimentos-1.pdf\" target=\"_blank\" rel=\"noopener\">Baixe o flyer.<\/a>\t\t\t\t\t\t<\/div>\n\t\t\t\t<\/div>\n\t\t\t\t\t<\/div>\n\t\t<\/div>\n\t\t\t\t\t<\/div>\n\t\t<\/section>\n\t\t\t\t<div class=\"elementor-element elementor-element-5a70c6a elementor-widget-divider--view-line elementor-widget elementor-widget-divider\" data-id=\"5a70c6a\" data-element_type=\"widget\" data-widget_type=\"divider.default\">\n\t\t\t\t<div class=\"elementor-widget-container\">\n\t\t\t\t\t<div class=\"elementor-divider\">\n\t\t\t<span class=\"elementor-divider-separator\">\n\t\t\t\t\t\t<\/span>\n\t\t<\/div>\n\t\t\t\t<\/div>\n\t\t\t\t<\/div>\n\t\t\t\t<section class=\"elementor-section elementor-inner-section elementor-element elementor-element-4aad089 elementor-section-boxed elementor-section-height-default elementor-section-height-default\" data-id=\"4aad089\" data-element_type=\"section\">\n\t\t\t\t\t\t<div class=\"elementor-container elementor-column-gap-default\">\n\t\t\t\t\t<div class=\"aux-parallax-section elementor-column elementor-col-50 elementor-inner-column elementor-element elementor-element-e004541\" data-id=\"e004541\" data-element_type=\"column\">\n\t\t\t<div class=\"elementor-widget-wrap elementor-element-populated\">\n\t\t\t\t\t\t<div class=\"elementor-element elementor-element-f3ff8eb elementor-widget elementor-widget-heading\" data-id=\"f3ff8eb\" data-element_type=\"widget\" data-widget_type=\"heading.default\">\n\t\t\t\t<div class=\"elementor-widget-container\">\n\t\t\t<h3 class=\"elementor-heading-title elementor-size-default\">Sistemas n\u00e3o invasivos para an\u00e1lise de frutas<\/h3>\t\t<\/div>\n\t\t\t\t<\/div>\n\t\t\t\t<div class=\"elementor-element elementor-element-1eecfa1 elementor-widget elementor-widget-image\" data-id=\"1eecfa1\" data-element_type=\"widget\" data-widget_type=\"image.default\">\n\t\t\t\t<div class=\"elementor-widget-container\">\n\t\t\t\t\t\t\t\t\t\t\t\t\t<img decoding=\"async\" src=\"https:\/\/poscolheita.cnpdia.embrapa.br\/wp-content\/uploads\/elementor\/thumbs\/Ativo-4-oglaums912kmhefea6xj4cm6f22adh9xd5nc60eyv4.png\" title=\"Ativo 4\" alt=\"Ativo 4\" loading=\"lazy\" \/>\t\t\t\t\t\t\t\t\t\t\t\t\t<\/div>\n\t\t\t\t<\/div>\n\t\t\t\t<div class=\"elementor-element elementor-element-99f6bae elementor-widget elementor-widget-heading\" data-id=\"99f6bae\" data-element_type=\"widget\" data-widget_type=\"heading.default\">\n\t\t\t\t<div class=\"elementor-widget-container\">\n\t\t\t<h4 class=\"elementor-heading-title elementor-size-default\">Descri\u00e7\u00e3o<\/h4>\t\t<\/div>\n\t\t\t\t<\/div>\n\t\t\t\t<div class=\"elementor-element elementor-element-4b41939 elementor-widget elementor-widget-text-editor\" data-id=\"4b41939\" data-element_type=\"widget\" data-widget_type=\"text-editor.default\">\n\t\t\t\t<div class=\"elementor-widget-container\">\n\t\t\t\t\t\t\t<p style=\"text-align: left;\">A Embrapa Instrumenta\u00e7\u00e3o vem trabalhando com a utiliza\u00e7\u00e3o de sistemas alternativos para an\u00e1lise de qualidade em frutas. O grande diferencial desses m\u00e9todos \u00e9 que n\u00e3o geram res\u00edduos nem perdas das amostras, e n\u00e3o s\u00e3o invasivos. S\u00e3o eles: a Resson\u00e2ncia Magn\u00e9tica Nuclear (RMN), a Espectroscopia de Infravermelho Pr\u00f3ximo (NIR) e a Espectroscopia de Infravermelho M\u00e9dio (MIR).<\/p>\t\t\t\t\t\t<\/div>\n\t\t\t\t<\/div>\n\t\t\t\t\t<\/div>\n\t\t<\/div>\n\t\t\t\t<div class=\"aux-parallax-section elementor-column elementor-col-50 elementor-inner-column elementor-element elementor-element-f111144\" data-id=\"f111144\" data-element_type=\"column\">\n\t\t\t<div class=\"elementor-widget-wrap elementor-element-populated\">\n\t\t\t\t\t\t<div class=\"elementor-element elementor-element-be2f0e0 elementor-widget elementor-widget-heading\" data-id=\"be2f0e0\" data-element_type=\"widget\" data-widget_type=\"heading.default\">\n\t\t\t\t<div class=\"elementor-widget-container\">\n\t\t\t<h4 class=\"elementor-heading-title elementor-size-default\">Pontos Fortes<\/h4>\t\t<\/div>\n\t\t\t\t<\/div>\n\t\t\t\t<div class=\"elementor-element elementor-element-ead3a34 elementor-widget elementor-widget-text-editor\" data-id=\"ead3a34\" data-element_type=\"widget\" data-widget_type=\"text-editor.default\">\n\t\t\t\t<div class=\"elementor-widget-container\">\n\t\t\t\t\t\t\t<ul><li>Rapidez e efic\u00e1cia das an\u00e1lises.<\/li><li>Acompanhamento ao longo do tempo<\/li><li>N\u00e3o gera perdas e res\u00edduos.<\/li><\/ul>\t\t\t\t\t\t<\/div>\n\t\t\t\t<\/div>\n\t\t\t\t<div class=\"elementor-element elementor-element-223f38e elementor-widget elementor-widget-heading\" data-id=\"223f38e\" data-element_type=\"widget\" data-widget_type=\"heading.default\">\n\t\t\t\t<div class=\"elementor-widget-container\">\n\t\t\t<h4 class=\"elementor-heading-title elementor-size-default\">Aplica\u00e7\u00f5es<\/h4>\t\t<\/div>\n\t\t\t\t<\/div>\n\t\t\t\t<div class=\"elementor-element elementor-element-10ba4fb elementor-widget elementor-widget-text-editor\" data-id=\"10ba4fb\" data-element_type=\"widget\" data-widget_type=\"text-editor.default\">\n\t\t\t\t<div class=\"elementor-widget-container\">\n\t\t\t\t\t\t\t<p>A fruticultura moderna possui como caracter\u00edstica principal o uso de t\u00e9cnicas sofisticadas de produ\u00e7\u00e3o e p\u00f3s-colheita, que periodicamente s\u00e3o renovadas, objetivando a obten\u00e7\u00e3o de produtos adequados ao mercado consumidor cada vez mais exigente.<\/p><p><span style=\"font-size: 16.0016px;\">Entre outros par\u00e2metros, sistemas n\u00e3o invasivos para an\u00e1lise de qualidade de frutas podem avaliar: acidez, s\u00f3lidos sol\u00faveis, \u00edndice de matura\u00e7\u00e3o, pH, massa, di\u00e2metros, rendimento e pectinas.<\/span><\/p><p><span style=\"font-size: 16.0016px;\">Potencial para an\u00e1lise de amostras em linhas de beneficiamento, com alta especificidade de resposta e permitindo calibra\u00e7\u00f5es com elevados valores de acur\u00e1cia.<\/span><\/p>\t\t\t\t\t\t<\/div>\n\t\t\t\t<\/div>\n\t\t\t\t<div class=\"elementor-element elementor-element-730cae8 elementor-widget elementor-widget-heading\" data-id=\"730cae8\" data-element_type=\"widget\" data-widget_type=\"heading.default\">\n\t\t\t\t<div class=\"elementor-widget-container\">\n\t\t\t<h4 class=\"elementor-heading-title elementor-size-default\">Est\u00e1gio de Desenvolvimento<\/h4>\t\t<\/div>\n\t\t\t\t<\/div>\n\t\t\t\t<div class=\"elementor-element elementor-element-0b6b88d elementor-widget elementor-widget-image\" data-id=\"0b6b88d\" data-element_type=\"widget\" data-widget_type=\"image.default\">\n\t\t\t\t<div class=\"elementor-widget-container\">\n\t\t\t\t\t\t\t\t\t\t\t\t\t<img decoding=\"async\" width=\"442\" height=\"44\" src=\"https:\/\/poscolheita.cnpdia.embrapa.br\/wp-content\/uploads\/2019\/11\/rmn_nir_sistemas_nao_invasivos_analise_alimentos.png\" class=\"attachment-large size-large wp-image-2031\" alt=\"\" \/>\t\t\t\t\t\t\t\t\t\t\t\t\t<\/div>\n\t\t\t\t<\/div>\n\t\t\t\t<div class=\"elementor-element elementor-element-e5d82b3 elementor-widget elementor-widget-heading\" data-id=\"e5d82b3\" data-element_type=\"widget\" data-widget_type=\"heading.default\">\n\t\t\t\t<div class=\"elementor-widget-container\">\n\t\t\t<h4 class=\"elementor-heading-title elementor-size-default\">Saiba Mais<\/h4>\t\t<\/div>\n\t\t\t\t<\/div>\n\t\t\t\t<div class=\"elementor-element elementor-element-edac1a0 elementor-widget elementor-widget-text-editor\" data-id=\"edac1a0\" data-element_type=\"widget\" data-widget_type=\"text-editor.default\">\n\t\t\t\t<div class=\"elementor-widget-container\">\n\t\t\t\t\t\t\t<a href=\"https:\/\/poscolheita.cnpdia.embrapa.br\/wp-content\/uploads\/2019\/11\/rmn_nir_sistemas_nao_invasivos_analise_alimentos-1.pdf\" target=\"_blank\" rel=\"noopener\">Baixe o flyer.<\/a>\t\t\t\t\t\t<\/div>\n\t\t\t\t<\/div>\n\t\t\t\t\t<\/div>\n\t\t<\/div>\n\t\t\t\t\t<\/div>\n\t\t<\/section>\n\t\t\t\t<div class=\"elementor-element elementor-element-a5a64fe elementor-widget elementor-widget-spacer\" data-id=\"a5a64fe\" data-element_type=\"widget\" data-widget_type=\"spacer.default\">\n\t\t\t\t<div class=\"elementor-widget-container\">\n\t\t\t\t\t<div class=\"elementor-spacer\">\n\t\t\t<div class=\"elementor-spacer-inner\"><\/div>\n\t\t<\/div>\n\t\t\t\t<\/div>\n\t\t\t\t<\/div>\n\t\t\t\t\t<\/div>\n\t\t<\/div>\n\t\t\t\t\t<\/div>\n\t\t<\/section>\n\t\t\t\t<section class=\"elementor-section elementor-top-section elementor-element elementor-element-2a92d34 elementor-section-boxed elementor-section-height-default elementor-section-height-default\" data-id=\"2a92d34\" data-element_type=\"section\">\n\t\t\t\t\t\t<div class=\"elementor-container elementor-column-gap-default\">\n\t\t\t\t\t<div class=\"aux-parallax-section elementor-column elementor-col-100 elementor-top-column elementor-element elementor-element-da7a61e\" data-id=\"da7a61e\" data-element_type=\"column\">\n\t\t\t<div class=\"elementor-widget-wrap elementor-element-populated\">\n\t\t\t\t\t\t<div class=\"elementor-element elementor-element-8ca418f elementor-widget elementor-widget-spacer\" data-id=\"8ca418f\" data-element_type=\"widget\" data-widget_type=\"spacer.default\">\n\t\t\t\t<div class=\"elementor-widget-container\">\n\t\t\t\t\t<div class=\"elementor-spacer\">\n\t\t\t<div class=\"elementor-spacer-inner\"><\/div>\n\t\t<\/div>\n\t\t\t\t<\/div>\n\t\t\t\t<\/div>\n\t\t\t\t\t<\/div>\n\t\t<\/div>\n\t\t\t\t\t<\/div>\n\t\t<\/section>\n\t\t\t\t<\/div>\n\t\t","protected":false},"excerpt":{"rendered":"<p>An\u00e1lises n\u00e3o destrutivas Frutas e hortali\u00e7as s\u00e3o apreciadas n\u00e3o somente pelo aspecto visual, mas especialmente pelas caracter\u00edsticas internas de qualidade, que podem ser analisadas somente quando ocorre a destrui\u00e7\u00e3o da amostra para an\u00e1lise.\u00a0 Isto ocorre tanto para mercado fresco, quando na ind\u00fastria.\u00a0 Esse tipo de an\u00e1lise em geral demanda tempo, amostragens repetitivas, etc.\u00a0 As an\u00e1lises [&hellip;]<\/p>\n","protected":false},"author":2,"featured_media":0,"parent":0,"menu_order":0,"comment_status":"closed","ping_status":"closed","template":"","meta":{"footnotes":""},"class_list":["post-652","page","type-page","status-publish","hentry"],"_links":{"self":[{"href":"https:\/\/poscolheita.cnpdia.embrapa.br\/index.php\/wp-json\/wp\/v2\/pages\/652","targetHints":{"allow":["GET"]}}],"collection":[{"href":"https:\/\/poscolheita.cnpdia.embrapa.br\/index.php\/wp-json\/wp\/v2\/pages"}],"about":[{"href":"https:\/\/poscolheita.cnpdia.embrapa.br\/index.php\/wp-json\/wp\/v2\/types\/page"}],"author":[{"embeddable":true,"href":"https:\/\/poscolheita.cnpdia.embrapa.br\/index.php\/wp-json\/wp\/v2\/users\/2"}],"replies":[{"embeddable":true,"href":"https:\/\/poscolheita.cnpdia.embrapa.br\/index.php\/wp-json\/wp\/v2\/comments?post=652"}],"version-history":[{"count":32,"href":"https:\/\/poscolheita.cnpdia.embrapa.br\/index.php\/wp-json\/wp\/v2\/pages\/652\/revisions"}],"predecessor-version":[{"id":2842,"href":"https:\/\/poscolheita.cnpdia.embrapa.br\/index.php\/wp-json\/wp\/v2\/pages\/652\/revisions\/2842"}],"wp:attachment":[{"href":"https:\/\/poscolheita.cnpdia.embrapa.br\/index.php\/wp-json\/wp\/v2\/media?parent=652"}],"curies":[{"name":"wp","href":"https:\/\/api.w.org\/{rel}","templated":true}]}}