{"id":2097,"date":"2019-12-09T19:55:36","date_gmt":"2019-12-09T22:55:36","guid":{"rendered":"http:\/\/poscolheita.cnpdia.embrapa.br\/?page_id=2097"},"modified":"2022-07-01T15:53:02","modified_gmt":"2022-07-01T18:53:02","slug":"artigos","status":"publish","type":"page","link":"https:\/\/poscolheita.cnpdia.embrapa.br\/index.php\/artigos\/","title":{"rendered":"Artigos"},"content":{"rendered":"\t\t<div data-elementor-type=\"wp-page\" data-elementor-id=\"2097\" class=\"elementor elementor-2097\">\n\t\t\t\t\t\t<section class=\"elementor-section elementor-top-section elementor-element elementor-element-8712bac elementor-section-boxed elementor-section-height-default elementor-section-height-default\" data-id=\"8712bac\" data-element_type=\"section\">\n\t\t\t\t\t\t<div class=\"elementor-container elementor-column-gap-default\">\n\t\t\t\t\t<div class=\"aux-parallax-section elementor-column elementor-col-100 elementor-top-column elementor-element elementor-element-9fd3449\" data-id=\"9fd3449\" data-element_type=\"column\">\n\t\t\t<div class=\"elementor-widget-wrap elementor-element-populated\">\n\t\t\t\t\t\t<section class=\"elementor-section elementor-inner-section elementor-element elementor-element-76b76ce elementor-section-boxed elementor-section-height-default elementor-section-height-default\" data-id=\"76b76ce\" data-element_type=\"section\">\n\t\t\t\t\t\t<div class=\"elementor-container elementor-column-gap-default\">\n\t\t\t\t\t<div class=\"aux-parallax-section elementor-column elementor-col-50 elementor-inner-column elementor-element elementor-element-98e8103\" data-id=\"98e8103\" data-element_type=\"column\">\n\t\t\t<div class=\"elementor-widget-wrap elementor-element-populated\">\n\t\t\t\t\t\t<div class=\"elementor-element elementor-element-45d214b elementor-widget elementor-widget-image\" data-id=\"45d214b\" data-element_type=\"widget\" data-widget_type=\"image.default\">\n\t\t\t\t<div class=\"elementor-widget-container\">\n\t\t\t\t\t\t\t\t\t\t\t\t\t\t<a href=\"https:\/\/www.alice.cnptia.embrapa.br\/\" target=\"_blank\">\n\t\t\t\t\t\t\t<img fetchpriority=\"high\" decoding=\"async\" width=\"1275\" height=\"398\" src=\"https:\/\/poscolheita.cnpdia.embrapa.br\/wp-content\/uploads\/2019\/12\/logo_ALICE-1.jpg\" class=\"attachment-full size-full wp-image-2376\" alt=\"\" \/>\t\t\t\t\t\t\t\t<\/a>\n\t\t\t\t\t\t\t\t\t\t\t\t\t<\/div>\n\t\t\t\t<\/div>\n\t\t\t\t\t<\/div>\n\t\t<\/div>\n\t\t\t\t<div class=\"aux-parallax-section elementor-column elementor-col-50 elementor-inner-column elementor-element elementor-element-f7b1220\" data-id=\"f7b1220\" data-element_type=\"column\">\n\t\t\t<div class=\"elementor-widget-wrap elementor-element-populated\">\n\t\t\t\t\t\t<div class=\"elementor-element elementor-element-fbc3c99 elementor-widget elementor-widget-spacer\" data-id=\"fbc3c99\" data-element_type=\"widget\" data-widget_type=\"spacer.default\">\n\t\t\t\t<div class=\"elementor-widget-container\">\n\t\t\t\t\t<div class=\"elementor-spacer\">\n\t\t\t<div class=\"elementor-spacer-inner\"><\/div>\n\t\t<\/div>\n\t\t\t\t<\/div>\n\t\t\t\t<\/div>\n\t\t\t\t<div class=\"elementor-element elementor-element-159ba2d elementor-widget elementor-widget-text-editor\" data-id=\"159ba2d\" data-element_type=\"widget\" data-widget_type=\"text-editor.default\">\n\t\t\t\t<div class=\"elementor-widget-container\">\n\t\t\t\t\t\t\t<p style=\"text-align: left;\">Composto por informa\u00e7\u00f5es cient\u00edficas produzidas por pesquisadores da Embrapa e editadas em cap\u00edtulos de livros, artigos em peri\u00f3dicos indexados, artigos em anais de congressos, teses e disserta\u00e7\u00f5es, notas t\u00e9cnicas, entre outros tipos de publica\u00e7\u00f5es, o reposit\u00f3rio Alice contribui para o aumento do impacto dos resultados de pesquisa e para maior visibilidade da Embrapa e do trabalho de seus pesquisadores.<\/p><p style=\"text-align: left;\"><a href=\"https:\/\/www.alice.cnptia.embrapa.br\/\" target=\"_blank\" rel=\"noopener\">Acesse o sistema.<\/a><\/p>\t\t\t\t\t\t<\/div>\n\t\t\t\t<\/div>\n\t\t\t\t\t<\/div>\n\t\t<\/div>\n\t\t\t\t\t<\/div>\n\t\t<\/section>\n\t\t\t\t\t<\/div>\n\t\t<\/div>\n\t\t\t\t\t<\/div>\n\t\t<\/section>\n\t\t\t\t<section class=\"elementor-section elementor-top-section elementor-element elementor-element-7a47cae elementor-section-boxed elementor-section-height-default elementor-section-height-default\" data-id=\"7a47cae\" data-element_type=\"section\">\n\t\t\t\t\t\t<div class=\"elementor-container elementor-column-gap-default\">\n\t\t\t\t\t<div class=\"aux-parallax-section elementor-column elementor-col-100 elementor-top-column elementor-element elementor-element-b700096\" data-id=\"b700096\" data-element_type=\"column\">\n\t\t\t<div class=\"elementor-widget-wrap elementor-element-populated\">\n\t\t\t\t\t\t<div class=\"elementor-element elementor-element-8164389 elementor-widget elementor-widget-spacer\" data-id=\"8164389\" data-element_type=\"widget\" data-widget_type=\"spacer.default\">\n\t\t\t\t<div class=\"elementor-widget-container\">\n\t\t\t\t\t<div class=\"elementor-spacer\">\n\t\t\t<div class=\"elementor-spacer-inner\"><\/div>\n\t\t<\/div>\n\t\t\t\t<\/div>\n\t\t\t\t<\/div>\n\t\t\t\t\t<\/div>\n\t\t<\/div>\n\t\t\t\t\t<\/div>\n\t\t<\/section>\n\t\t\t\t<\/div>\n\t\t","protected":false},"excerpt":{"rendered":"<p>Composto por informa\u00e7\u00f5es cient\u00edficas produzidas por pesquisadores da Embrapa e editadas em cap\u00edtulos de livros, artigos em peri\u00f3dicos indexados, artigos em anais de congressos, teses e disserta\u00e7\u00f5es, notas t\u00e9cnicas, entre outros tipos de publica\u00e7\u00f5es, o reposit\u00f3rio Alice contribui para o aumento do impacto dos resultados de pesquisa e para maior visibilidade da Embrapa e do [&hellip;]<\/p>\n","protected":false},"author":2,"featured_media":0,"parent":0,"menu_order":0,"comment_status":"closed","ping_status":"closed","template":"","meta":{"footnotes":""},"class_list":["post-2097","page","type-page","status-publish","hentry"],"_links":{"self":[{"href":"https:\/\/poscolheita.cnpdia.embrapa.br\/index.php\/wp-json\/wp\/v2\/pages\/2097","targetHints":{"allow":["GET"]}}],"collection":[{"href":"https:\/\/poscolheita.cnpdia.embrapa.br\/index.php\/wp-json\/wp\/v2\/pages"}],"about":[{"href":"https:\/\/poscolheita.cnpdia.embrapa.br\/index.php\/wp-json\/wp\/v2\/types\/page"}],"author":[{"embeddable":true,"href":"https:\/\/poscolheita.cnpdia.embrapa.br\/index.php\/wp-json\/wp\/v2\/users\/2"}],"replies":[{"embeddable":true,"href":"https:\/\/poscolheita.cnpdia.embrapa.br\/index.php\/wp-json\/wp\/v2\/comments?post=2097"}],"version-history":[{"count":11,"href":"https:\/\/poscolheita.cnpdia.embrapa.br\/index.php\/wp-json\/wp\/v2\/pages\/2097\/revisions"}],"predecessor-version":[{"id":2827,"href":"https:\/\/poscolheita.cnpdia.embrapa.br\/index.php\/wp-json\/wp\/v2\/pages\/2097\/revisions\/2827"}],"wp:attachment":[{"href":"https:\/\/poscolheita.cnpdia.embrapa.br\/index.php\/wp-json\/wp\/v2\/media?parent=2097"}],"curies":[{"name":"wp","href":"https:\/\/api.w.org\/{rel}","templated":true}]}}