{"id":1978,"date":"2019-11-10T17:45:00","date_gmt":"2019-11-10T20:45:00","guid":{"rendered":"http:\/\/frodo.cnpdia.embrapa.br\/wordpress\/?page_id=1978"},"modified":"2022-07-01T15:52:29","modified_gmt":"2022-07-01T18:52:29","slug":"livros","status":"publish","type":"page","link":"https:\/\/poscolheita.cnpdia.embrapa.br\/index.php\/livros\/","title":{"rendered":"Livros"},"content":{"rendered":"\t\t<div data-elementor-type=\"wp-page\" data-elementor-id=\"1978\" class=\"elementor elementor-1978\">\n\t\t\t\t\t\t<section class=\"elementor-section elementor-top-section elementor-element elementor-element-fd8f4a4 elementor-section-boxed elementor-section-height-default elementor-section-height-default\" data-id=\"fd8f4a4\" data-element_type=\"section\">\n\t\t\t\t\t\t<div class=\"elementor-container elementor-column-gap-default\">\n\t\t\t\t\t<div class=\"aux-parallax-section elementor-column elementor-col-100 elementor-top-column elementor-element elementor-element-ed6c528\" data-id=\"ed6c528\" data-element_type=\"column\">\n\t\t\t<div class=\"elementor-widget-wrap elementor-element-populated\">\n\t\t\t\t\t\t<section class=\"elementor-section elementor-inner-section elementor-element elementor-element-7d82d4d elementor-section-boxed elementor-section-height-default elementor-section-height-default\" data-id=\"7d82d4d\" data-element_type=\"section\">\n\t\t\t\t\t\t<div class=\"elementor-container elementor-column-gap-default\">\n\t\t\t\t\t<div class=\"aux-parallax-section elementor-column elementor-col-33 elementor-inner-column elementor-element elementor-element-a9c0182\" data-id=\"a9c0182\" data-element_type=\"column\">\n\t\t\t<div class=\"elementor-widget-wrap elementor-element-populated\">\n\t\t\t\t\t\t<div class=\"elementor-element elementor-element-45ee185 elementor-widget elementor-widget-image\" data-id=\"45ee185\" data-element_type=\"widget\" data-widget_type=\"image.default\">\n\t\t\t\t<div class=\"elementor-widget-container\">\n\t\t\t\t\t\t\t\t\t\t\t\t\t\t<a href=\"https:\/\/www.infoteca.cnptia.embrapa.br\/infoteca\/bitstream\/doc\/1075734\/1\/LivroInstrumentacaoPoscolheita....pdf\" target=\"_blank\">\n\t\t\t\t\t\t\t<img fetchpriority=\"high\" decoding=\"async\" width=\"1080\" height=\"1528\" src=\"https:\/\/poscolheita.cnpdia.embrapa.br\/wp-content\/uploads\/2019\/11\/Livro-Instrumentacao-Pos-colheita...-1.jpg\" class=\"attachment-full size-full wp-image-1997\" alt=\"\" \/>\t\t\t\t\t\t\t\t<\/a>\n\t\t\t\t\t\t\t\t\t\t\t\t\t<\/div>\n\t\t\t\t<\/div>\n\t\t\t\t<div class=\"elementor-element elementor-element-497a480 elementor-widget elementor-widget-heading\" data-id=\"497a480\" data-element_type=\"widget\" data-widget_type=\"heading.default\">\n\t\t\t\t<div class=\"elementor-widget-container\">\n\t\t\t<h4 class=\"elementor-heading-title elementor-size-default\">Instrumenta\u00e7\u00e3o p\u00f3s-colheita em frutas e hortali\u00e7as.<\/h4>\t\t<\/div>\n\t\t\t\t<\/div>\n\t\t\t\t<div class=\"elementor-element elementor-element-6b2272d elementor-widget elementor-widget-text-editor\" data-id=\"6b2272d\" data-element_type=\"widget\" data-widget_type=\"text-editor.default\">\n\t\t\t\t<div class=\"elementor-widget-container\">\n\t\t\t\t\t\t\t<p>O terceiro e mais recente, editado em 2017, tendo como autores os instrutores e utilizado como livro texto da V edi\u00e7\u00e3o do curso.<\/p>\t\t\t\t\t\t<\/div>\n\t\t\t\t<\/div>\n\t\t\t\t<div class=\"elementor-element elementor-element-d0a377e elementor-widget elementor-widget-text-editor\" data-id=\"d0a377e\" data-element_type=\"widget\" data-widget_type=\"text-editor.default\">\n\t\t\t\t<div class=\"elementor-widget-container\">\n\t\t\t\t\t\t\t<p><b>Marcos David Ferreira<\/b> &#8211; Editor T\u00e9cnico &#8211; 2017<\/p>\t\t\t\t\t\t<\/div>\n\t\t\t\t<\/div>\n\t\t\t\t\t<\/div>\n\t\t<\/div>\n\t\t\t\t<div class=\"aux-parallax-section elementor-column elementor-col-33 elementor-inner-column elementor-element elementor-element-022b03a\" data-id=\"022b03a\" data-element_type=\"column\">\n\t\t\t<div class=\"elementor-widget-wrap elementor-element-populated\">\n\t\t\t\t\t\t<div class=\"elementor-element elementor-element-cdf5d5a elementor-widget elementor-widget-image\" data-id=\"cdf5d5a\" data-element_type=\"widget\" data-widget_type=\"image.default\">\n\t\t\t\t<div class=\"elementor-widget-container\">\n\t\t\t\t\t\t\t\t\t\t\t\t\t\t<a href=\"https:\/\/ainfo.cnptia.embrapa.br\/digital\/bitstream\/item\/207752\/1\/Livro-curso-pos-colheita-final-2011.pdf\" target=\"_blank\">\n\t\t\t\t\t\t\t<img decoding=\"async\" width=\"1080\" height=\"1528\" src=\"https:\/\/poscolheita.cnpdia.embrapa.br\/wp-content\/uploads\/2020\/02\/capa-tpcfh.png\" class=\"attachment-full size-full wp-image-2419\" alt=\"\" \/>\t\t\t\t\t\t\t\t<\/a>\n\t\t\t\t\t\t\t\t\t\t\t\t\t<\/div>\n\t\t\t\t<\/div>\n\t\t\t\t<div class=\"elementor-element elementor-element-d78d72d elementor-widget elementor-widget-heading\" data-id=\"d78d72d\" data-element_type=\"widget\" data-widget_type=\"heading.default\">\n\t\t\t\t<div class=\"elementor-widget-container\">\n\t\t\t<h4 class=\"elementor-heading-title elementor-size-default\">Tecnologias P\u00f3s-Colheita em Frutas e Hortali\u00e7as<\/h4>\t\t<\/div>\n\t\t\t\t<\/div>\n\t\t\t\t<div class=\"elementor-element elementor-element-894c791 elementor-widget elementor-widget-text-editor\" data-id=\"894c791\" data-element_type=\"widget\" data-widget_type=\"text-editor.default\">\n\t\t\t\t<div class=\"elementor-widget-container\">\n\t\t\t\t\t\t\t<p>Segunda publica\u00e7\u00e3o, j\u00e1 como livro texto da primeira edi\u00e7\u00e3o do curso p\u00f3s-colheita em 2011 e autoria dos instrutores.<\/p>\t\t\t\t\t\t<\/div>\n\t\t\t\t<\/div>\n\t\t\t\t<div class=\"elementor-element elementor-element-8064dfb elementor-widget elementor-widget-text-editor\" data-id=\"8064dfb\" data-element_type=\"widget\" data-widget_type=\"text-editor.default\">\n\t\t\t\t<div class=\"elementor-widget-container\">\n\t\t\t\t\t\t\t<p><b>Marcos David Ferreira<\/b> &#8211; Editor T\u00e9cnico &#8211; 2011<\/p>\t\t\t\t\t\t<\/div>\n\t\t\t\t<\/div>\n\t\t\t\t\t<\/div>\n\t\t<\/div>\n\t\t\t\t<div class=\"aux-parallax-section elementor-column elementor-col-33 elementor-inner-column elementor-element elementor-element-9d67ddc\" data-id=\"9d67ddc\" data-element_type=\"column\">\n\t\t\t<div class=\"elementor-widget-wrap elementor-element-populated\">\n\t\t\t\t\t\t<div class=\"elementor-element elementor-element-3bea752 elementor-widget elementor-widget-image\" data-id=\"3bea752\" data-element_type=\"widget\" data-widget_type=\"image.default\">\n\t\t\t\t<div class=\"elementor-widget-container\">\n\t\t\t\t\t\t\t\t\t\t\t\t\t\t<a href=\"https:\/\/ainfo.cnptia.embrapa.br\/digital\/bitstream\/CNPDIA-2009-09\/11483\/1\/LI_2008.pdf\" target=\"_blank\">\n\t\t\t\t\t\t\t<img decoding=\"async\" width=\"1080\" height=\"1528\" src=\"https:\/\/poscolheita.cnpdia.embrapa.br\/wp-content\/uploads\/2019\/11\/LI_2008-1-1.jpg\" class=\"attachment-full size-full wp-image-2003\" alt=\"\" \/>\t\t\t\t\t\t\t\t<\/a>\n\t\t\t\t\t\t\t\t\t\t\t\t\t<\/div>\n\t\t\t\t<\/div>\n\t\t\t\t<div class=\"elementor-element elementor-element-1cb7382 elementor-widget elementor-widget-heading\" data-id=\"1cb7382\" data-element_type=\"widget\" data-widget_type=\"heading.default\">\n\t\t\t\t<div class=\"elementor-widget-container\">\n\t\t\t<h4 class=\"elementor-heading-title elementor-size-default\">Colheita e Beneficiamento de Frutas e Hortali\u00e7as<\/h4>\t\t<\/div>\n\t\t\t\t<\/div>\n\t\t\t\t<div class=\"elementor-element elementor-element-714f91d elementor-widget elementor-widget-text-editor\" data-id=\"714f91d\" data-element_type=\"widget\" data-widget_type=\"text-editor.default\">\n\t\t\t\t<div class=\"elementor-widget-container\">\n\t\t\t\t\t\t\t<p>Primeiro a ser publicado, em 2008, anterior a primeira edi\u00e7\u00e3o do curso p\u00f3s-colheita.<\/p>\t\t\t\t\t\t<\/div>\n\t\t\t\t<\/div>\n\t\t\t\t<div class=\"elementor-element elementor-element-f5854b3 elementor-widget elementor-widget-text-editor\" data-id=\"f5854b3\" data-element_type=\"widget\" data-widget_type=\"text-editor.default\">\n\t\t\t\t<div class=\"elementor-widget-container\">\n\t\t\t\t\t\t\t<p><b>Marcos David Ferreira<\/b> &#8211; Editor T\u00e9cnico &#8211; 2008<\/p>\t\t\t\t\t\t<\/div>\n\t\t\t\t<\/div>\n\t\t\t\t\t<\/div>\n\t\t<\/div>\n\t\t\t\t\t<\/div>\n\t\t<\/section>\n\t\t\t\t\t<\/div>\n\t\t<\/div>\n\t\t\t\t\t<\/div>\n\t\t<\/section>\n\t\t\t\t<section class=\"elementor-section elementor-top-section elementor-element elementor-element-c79f768 elementor-section-boxed elementor-section-height-default elementor-section-height-default\" data-id=\"c79f768\" data-element_type=\"section\">\n\t\t\t\t\t\t<div class=\"elementor-container elementor-column-gap-default\">\n\t\t\t\t\t<div class=\"aux-parallax-section elementor-column elementor-col-100 elementor-top-column elementor-element elementor-element-575b3e3\" data-id=\"575b3e3\" data-element_type=\"column\">\n\t\t\t<div class=\"elementor-widget-wrap elementor-element-populated\">\n\t\t\t\t\t\t<div class=\"elementor-element elementor-element-072aef2 elementor-widget elementor-widget-spacer\" data-id=\"072aef2\" data-element_type=\"widget\" data-widget_type=\"spacer.default\">\n\t\t\t\t<div class=\"elementor-widget-container\">\n\t\t\t\t\t<div class=\"elementor-spacer\">\n\t\t\t<div class=\"elementor-spacer-inner\"><\/div>\n\t\t<\/div>\n\t\t\t\t<\/div>\n\t\t\t\t<\/div>\n\t\t\t\t\t<\/div>\n\t\t<\/div>\n\t\t\t\t\t<\/div>\n\t\t<\/section>\n\t\t\t\t<\/div>\n\t\t","protected":false},"excerpt":{"rendered":"<p>Instrumenta\u00e7\u00e3o p\u00f3s-colheita em frutas e hortali\u00e7as. O terceiro e mais recente, editado em 2017, tendo como autores os instrutores e utilizado como livro texto da V edi\u00e7\u00e3o do curso. Marcos David Ferreira &#8211; Editor T\u00e9cnico &#8211; 2017 Tecnologias P\u00f3s-Colheita em Frutas e Hortali\u00e7as Segunda publica\u00e7\u00e3o, j\u00e1 como livro texto da primeira edi\u00e7\u00e3o do curso p\u00f3s-colheita [&hellip;]<\/p>\n","protected":false},"author":2,"featured_media":0,"parent":0,"menu_order":0,"comment_status":"closed","ping_status":"closed","template":"","meta":{"footnotes":""},"class_list":["post-1978","page","type-page","status-publish","hentry"],"_links":{"self":[{"href":"https:\/\/poscolheita.cnpdia.embrapa.br\/index.php\/wp-json\/wp\/v2\/pages\/1978","targetHints":{"allow":["GET"]}}],"collection":[{"href":"https:\/\/poscolheita.cnpdia.embrapa.br\/index.php\/wp-json\/wp\/v2\/pages"}],"about":[{"href":"https:\/\/poscolheita.cnpdia.embrapa.br\/index.php\/wp-json\/wp\/v2\/types\/page"}],"author":[{"embeddable":true,"href":"https:\/\/poscolheita.cnpdia.embrapa.br\/index.php\/wp-json\/wp\/v2\/users\/2"}],"replies":[{"embeddable":true,"href":"https:\/\/poscolheita.cnpdia.embrapa.br\/index.php\/wp-json\/wp\/v2\/comments?post=1978"}],"version-history":[{"count":20,"href":"https:\/\/poscolheita.cnpdia.embrapa.br\/index.php\/wp-json\/wp\/v2\/pages\/1978\/revisions"}],"predecessor-version":[{"id":2821,"href":"https:\/\/poscolheita.cnpdia.embrapa.br\/index.php\/wp-json\/wp\/v2\/pages\/1978\/revisions\/2821"}],"wp:attachment":[{"href":"https:\/\/poscolheita.cnpdia.embrapa.br\/index.php\/wp-json\/wp\/v2\/media?parent=1978"}],"curies":[{"name":"wp","href":"https:\/\/api.w.org\/{rel}","templated":true}]}}